{"id":1090,"date":"2022-06-03T08:46:14","date_gmt":"2022-06-03T06:46:14","guid":{"rendered":"https:\/\/dental-labor-kroeger.de\/content\/?page_id=1090"},"modified":"2025-07-18T09:17:15","modified_gmt":"2025-07-18T07:17:15","slug":"links","status":"publish","type":"page","link":"https:\/\/dental-labor-kroeger.de\/content\/links\/","title":{"rendered":"LINKS"},"content":{"rendered":"\n<div id=\"section-g0efbf9\" class=\"wp-block-gutentor-e6 section-g0efbf9 gutentor-element gutentor-element-image\"><div class=\"gutentor-element-image-box\"><div class=\"gutentor-bg-image\"><\/div><\/div><\/div>\n\n\n\n<section id=\"gm5ebc56d\" class=\"wp-block-gutentor-m4 section-gm5ebc56d gutentor-module gutentor-advanced-columns has-image-bg has-custom-bg\"><div class=\"grid-container\"><div class=\"grid-row\">\n<div id=\"col-gm09dcf0\" class=\"wp-block-gutentor-m4-col col-gm09dcf0 gutentor-single-column  grid-lg-12 grid-md-12 grid-12\"><div id=\"section-gm09dcf0\" class=\"section-gm09dcf0 gutentor-col-wrap\">\n<section id=\"gma21c814\" class=\"wp-block-gutentor-m4 section-gma21c814 gutentor-module gutentor-advanced-columns\"><div class=\"grid-container\"><div class=\"grid-row\">\n<div id=\"col-gmac6b18\" class=\"wp-block-gutentor-m4-col col-gmac6b18 gutentor-single-column  grid-lg-6 grid-md-12 grid-12\"><div id=\"section-gmac6b18\" class=\"section-gmac6b18 gutentor-col-wrap\">\n<div id=\"section-gaaede0\" class=\"wp-block-gutentor-e6 section-gaaede0 gutentor-element gutentor-element-image\"><div class=\"gutentor-element-image-box\"><a class=\"gutentor-element-image-link\" href=\"https:\/\/zik.de\" target=\"_blank\" rel=\"noopener noreferrer\"><div class=\"gutentor-image-thumb\"><img decoding=\"async\" class=\"normal-image\" src=\"https:\/\/dental-labor-kroeger.de\/content\/wp-content\/uploads\/2022\/08\/zki-logo.jpg\"\/><\/div><\/a><\/div><\/div>\n\n\n\n<div id=\"section-g97b3ce\" class=\"wp-block-gutentor-e1 section-g97b3ce gutentor-element gutentor-element-advanced-text\"><div class=\"gutentor-text-wrap\"><p class=\"gutentor-text\">Wir sind freiwilliges Mitglied im Berufsverband f\u00fcr Zahntechniker.<\/p><\/div><\/div>\n<\/div><\/div>\n\n\n\n<div id=\"col-gm478fca\" class=\"wp-block-gutentor-m4-col col-gm478fca gutentor-single-column  grid-lg-6 grid-md-12 grid-12\"><div id=\"section-gm478fca\" class=\"section-gm478fca gutentor-col-wrap\">\n<div id=\"section-ge3b74b\" class=\"wp-block-gutentor-e6 section-ge3b74b gutentor-element gutentor-element-image\"><div class=\"gutentor-element-image-box\"><a class=\"gutentor-element-image-link\" href=\"https:\/\/www.vdzi.de\/\" target=\"_blank\" rel=\"noopener noreferrer\"><div class=\"gutentor-image-thumb\"><img decoding=\"async\" class=\"normal-image\" src=\"https:\/\/dental-labor-kroeger.de\/content\/wp-content\/uploads\/2022\/08\/vdzi-2.jpg\"\/><\/div><\/a><\/div><\/div>\n\n\n\n<div id=\"section-g34ca61\" class=\"wp-block-gutentor-e1 section-g34ca61 gutentor-element gutentor-element-advanced-text\"><div class=\"gutentor-text-wrap\"><p class=\"gutentor-text\">Der Bundesinnungsverband des deutschen Zahntechniker-Handwerks vertritt dessen beruflichen und wirtschaftlichen Interessen.<\/p><\/div><\/div>\n<\/div><\/div>\n<\/div><\/div><\/section>\n<\/div><\/div>\n<\/div><\/div><\/section>\n\n\n\n<section id=\"gm9de3c0f\" class=\"wp-block-gutentor-m4 section-gm9de3c0f gutentor-module gutentor-advanced-columns\"><div class=\"grid-container\"><div class=\"grid-row\">\n<div id=\"col-gmc63fcb\" class=\"wp-block-gutentor-m4-col col-gmc63fcb gutentor-single-column  grid-lg-12 grid-md-12 grid-12\"><div id=\"section-gmc63fcb\" class=\"section-gmc63fcb gutentor-col-wrap\">\n<div id=\"section-g9e3120\" class=\"wp-block-gutentor-e6 section-g9e3120 gutentor-element gutentor-element-image text-align-center-desktop\"><div class=\"gutentor-element-image-box\"><a class=\"gutentor-element-image-link\" href=\"https:\/\/fachgesellschaft-zt.eu\/\" target=\"_blank\" rel=\"noopener noreferrer\"><div class=\"gutentor-image-thumb\"><img decoding=\"async\" class=\"normal-image\" src=\"https:\/\/dental-labor-kroeger.de\/content\/wp-content\/uploads\/2025\/04\/fzt-mitglied-1.png\"\/><\/div><\/a><\/div><\/div>\n\n\n\n<div id=\"section-gf61dba\" class=\"wp-block-gutentor-e1 section-gf61dba gutentor-element gutentor-element-advanced-text text-align-center-desktop\"><div class=\"gutentor-text-wrap\"><p class=\"gutentor-text\">Die Fachgesellschaft f\u00fcr Zahntechnik e. V. (FZT) versteht sich als Motor einer innovativen Zahntechnik. <br>Als Fachgesellschaft pr\u00fcft die FZT den Stellenwert neuer Verfahren f\u00fcr die Zahntechnik und dient als Ansprechpartner rund um die zahntechnische Prothetik \u2013 f\u00fcr uns als Mitglied, aber auch f\u00fcr Zahn\u00e4rzte und die Dentalindustrie.<\/p><\/div><\/div>\n<\/div><\/div>\n<\/div><\/div><\/section>\n\n\n\n<section id=\"gma33d91e\" class=\"wp-block-gutentor-m4 section-gma33d91e gutentor-module gutentor-advanced-columns has-color-bg has-custom-bg\"><div class=\"grid-container\"><div class=\"grid-row\">\n<div id=\"col-gm707bf2\" class=\"wp-block-gutentor-m4-col col-gm707bf2 gutentor-single-column  grid-lg-12 grid-md-12 grid-12\"><div id=\"section-gm707bf2\" class=\"section-gm707bf2 gutentor-col-wrap has-color-bg has-custom-bg\">\n<div id=\"section-g2734ae\" class=\"wp-block-gutentor-e1 section-g2734ae gutentor-element gutentor-element-advanced-text\"><div class=\"gutentor-text-wrap\"><h4 class=\"gutentor-text\">Unsere zuverl\u00e4ssigen Partner in der digitalen Welt der CAD\/CAM-L\u00f6sungen:<\/h4><\/div><\/div>\n\n\n\n<section id=\"gm69fa7d0\" class=\"wp-block-gutentor-m4 section-gm69fa7d0 gutentor-module gutentor-advanced-columns\"><div class=\"grid-container\"><div class=\"grid-row\">\n<div id=\"col-gmb0fcfa\" class=\"wp-block-gutentor-m4-col col-gmb0fcfa gutentor-single-column  grid-lg-6 grid-md-12 grid-12\"><div id=\"section-gmb0fcfa\" class=\"section-gmb0fcfa gutentor-col-wrap\">\n<div id=\"section-g80cf69\" class=\"wp-block-gutentor-e6 section-g80cf69 gutentor-element gutentor-element-image\"><div class=\"gutentor-element-image-box\"><a class=\"gutentor-element-image-link\" href=\"https:\/\/www.argen.de\/\" target=\"_blank\" rel=\"noopener noreferrer\"><div class=\"gutentor-image-thumb\"><img decoding=\"async\" class=\"normal-image\" src=\"https:\/\/dental-labor-kroeger.de\/content\/wp-content\/uploads\/2022\/08\/argen.png\"\/><\/div><\/a><\/div><\/div>\n<\/div><\/div>\n\n\n\n<div id=\"col-gm4f4cf7\" class=\"wp-block-gutentor-m4-col col-gm4f4cf7 gutentor-single-column  grid-lg-6 grid-md-12 grid-12\"><div id=\"section-gm4f4cf7\" class=\"section-gm4f4cf7 gutentor-col-wrap\">\n<div id=\"section-gcd746c\" class=\"wp-block-gutentor-e6 section-gcd746c gutentor-element gutentor-element-image\"><div class=\"gutentor-element-image-box\"><a class=\"gutentor-element-image-link\" href=\"https:\/\/www.bego.com\/de\/\" target=\"_blank\" rel=\"noopener noreferrer\"><div class=\"gutentor-image-thumb\"><img decoding=\"async\" class=\"normal-image\" src=\"https:\/\/dental-labor-kroeger.de\/content\/wp-content\/uploads\/2022\/07\/bego-logo-1.png\"\/><\/div><\/a><\/div><\/div>\n<\/div><\/div>\n<\/div><\/div><\/section>\n<\/div><\/div>\n<\/div><\/div><\/section>\n\n\n\n<section id=\"gm031aa32\" class=\"wp-block-gutentor-m4 section-gm031aa32 gutentor-module gutentor-advanced-columns has-image-bg has-custom-bg\"><div class=\"grid-container\"><div class=\"grid-row\">\n<div id=\"col-gmf7ef27\" class=\"wp-block-gutentor-m4-col col-gmf7ef27 gutentor-single-column  grid-lg-12 grid-md-12 grid-12\"><div id=\"section-gmf7ef27\" class=\"section-gmf7ef27 gutentor-col-wrap\">\n<div id=\"section-ga2436c\" class=\"wp-block-gutentor-e1 section-ga2436c gutentor-element gutentor-element-advanced-text\"><div class=\"gutentor-text-wrap\"><p class=\"gutentor-text\">Wir sind zur Herstellung und dem Vertrieb von <strong><em><span style=\"color:#1a86ca\" class=\"has-inline-color\">Playsafe\u00ae-Sportmundschutz &amp; Silensor-sl Schnarchschutz<\/span><\/em><\/strong> berechtigt.<br>Unser Techniker-Team wurde hierf\u00fcr speziell durch die Firma <strong><span style=\"color:#1a86ca\" class=\"has-inline-color\">ERKODENT\u00ae<\/span><\/strong> geschult \u2013 seitdem werden wir in deren<br>Anbieter-Listen gef\u00fchrt. Ausf\u00fchrliche Infos zu den Produkten und Materialien finden Sie auf der Webseite unseres Partners.<\/p><\/div><\/div>\n\n\n\n<div id=\"section-g354950\" class=\"wp-block-gutentor-e6 section-g354950 gutentor-element gutentor-element-image text-align-center-desktop\"><div class=\"gutentor-element-image-box\"><a class=\"gutentor-element-image-link\" href=\"https:\/\/www.erkodent.de\" target=\"_blank\" rel=\"noopener noreferrer\"><div class=\"gutentor-image-thumb\"><img decoding=\"async\" class=\"normal-image\" src=\"https:\/\/dental-labor-kroeger.de\/content\/wp-content\/uploads\/2023\/09\/erkodentlogo-s.jpg\"\/><\/div><\/a><\/div><\/div>\n\n\n\n<div id=\"section-g9fb623\" class=\"wp-block-gutentor-e1 section-g9fb623 gutentor-element gutentor-element-advanced-text\"><div class=\"gutentor-text-wrap\"><p class=\"gutentor-text\">Indem wir bewusster mit Ressourcen umgehen und Entscheidungen treffen, um Umweltbelastungen zu minimieren, tragen wir dazu bei, die Lebensgrundlage f\u00fcr kommende Generationen zu bewahren. F\u00fcr uns ist es eine Selbstverst\u00e4ndlichkeit, den Wandel zu einer nachhaltigen Zukunft aktiv mitzugestalten. Mit der <strong>R\u00f6ben GmbH<\/strong> steht uns ein <strong>innovatives Unternehmen im Bereich des Recyclings<\/strong> zur Seite. Unser gebrauchtes Isopropanol, das wir als Reinigungsmittel im 3D-Druckbereich ben\u00f6tigen, wird dort zu 99,9% gereinigt und kann anschlie\u00dfend wieder neu verwendet werden. Erfahren Sie mehr \u00fcber diesen Recyclingkreislauf auf der Unternehmenswebseite der R\u00f6ben GmbH.<\/p><\/div><\/div>\n\n\n\n<div id=\"section-g9ff42c\" class=\"wp-block-gutentor-e6 section-g9ff42c gutentor-element gutentor-element-image text-align-center-desktop\"><div class=\"gutentor-element-image-box\"><a class=\"gutentor-element-image-link\" href=\"https:\/\/roeben-recycling.de\/\" target=\"_blank\" rel=\"noopener noreferrer\"><div class=\"gutentor-image-thumb\"><img decoding=\"async\" class=\"normal-image\" src=\"https:\/\/dental-labor-kroeger.de\/content\/wp-content\/uploads\/2025\/04\/roeben-2.png\"\/><\/div><\/a><\/div><\/div>\n<\/div><\/div>\n<\/div><\/div><\/section>\n\n\n\n<section id=\"gmcd51529\" class=\"wp-block-gutentor-m4 section-gmcd51529 gutentor-module gutentor-advanced-columns has-color-bg has-custom-bg has-gutentor-overlay\"><div class=\"grid-container\"><div class=\"grid-row\">\n<div id=\"col-gm7950d4\" class=\"wp-block-gutentor-m4-col col-gm7950d4 gutentor-single-column  grid-lg-12 grid-md-12 grid-12\"><div id=\"section-gm7950d4\" class=\"section-gm7950d4 gutentor-col-wrap\">\n<section id=\"gm41b305e\" class=\"wp-block-gutentor-m4 section-gm41b305e gutentor-module gutentor-advanced-columns\"><div class=\"grid-container\"><div class=\"grid-row\">\n<div id=\"col-gma9b446\" class=\"wp-block-gutentor-m4-col col-gma9b446 gutentor-single-column  grid-lg-6 grid-md-12 grid-12\"><div id=\"section-gma9b446\" class=\"section-gma9b446 gutentor-col-wrap\">\n<div id=\"section-gcc701e\" class=\"wp-block-gutentor-e6 section-gcc701e gutentor-element gutentor-element-image\"><div class=\"gutentor-element-image-box\"><a class=\"gutentor-element-image-link\" href=\"https:\/\/www.handwerk.de\/\" target=\"_blank\" rel=\"noopener noreferrer\"><div class=\"gutentor-image-thumb\"><img decoding=\"async\" class=\"normal-image\" src=\"https:\/\/dental-labor-kroeger.de\/content\/wp-content\/uploads\/2022\/07\/das-handwerk.jpg\"\/><\/div><\/a><\/div><\/div>\n\n\n\n<div id=\"section-g2ce896\" class=\"wp-block-gutentor-e1 section-g2ce896 gutentor-element gutentor-element-advanced-text\"><div class=\"gutentor-text-wrap\"><p class=\"gutentor-text\">Wir machen mit bei Aktionen und nutzen die Angebote rund um die Imagekampagne des deutschen Handwerks.<\/p><\/div><\/div>\n<\/div><\/div>\n\n\n\n<div id=\"col-gm9ac1df\" class=\"wp-block-gutentor-m4-col col-gm9ac1df gutentor-single-column  grid-lg-6 grid-md-12 grid-12\"><div id=\"section-gm9ac1df\" class=\"section-gm9ac1df gutentor-col-wrap\">\n<div id=\"section-gb4fc3d\" class=\"wp-block-gutentor-e6 section-gb4fc3d gutentor-element gutentor-element-image\"><div class=\"gutentor-element-image-box\"><a class=\"gutentor-element-image-link\" href=\"https:\/\/www.caritas.de\/spendeundengagement\/andershelfen\/caritasbox\/caritasboxstartseite\" target=\"_blank\" rel=\"noopener noreferrer\"><div class=\"gutentor-image-thumb\"><img decoding=\"async\" class=\"normal-image\" src=\"https:\/\/dental-labor-kroeger.de\/content\/wp-content\/uploads\/2022\/08\/caritas-box.jpg\"\/><\/div><\/a><\/div><\/div>\n\n\n\n<div id=\"section-gf915ae\" class=\"wp-block-gutentor-e1 section-gf915ae gutentor-element gutentor-element-advanced-text\"><div class=\"gutentor-text-wrap\"><p class=\"gutentor-text\">Die CaritasBox<br>Umwelt sch\u00fctzen &amp; soziale Projekte f\u00f6rdern!<\/p><\/div><\/div>\n<\/div><\/div>\n<\/div><\/div><\/section>\n<\/div><\/div>\n<\/div><\/div><\/section>\n\n\n\n<section id=\"gm56cd501\" class=\"wp-block-gutentor-m4 section-gm56cd501 gutentor-module gutentor-advanced-columns\"><div class=\"grid-container\"><div class=\"grid-row\">\n<div id=\"col-gm09b065\" class=\"wp-block-gutentor-m4-col col-gm09b065 gutentor-single-column  grid-lg-12 grid-md-12 grid-12\"><div id=\"section-gm09b065\" class=\"section-gm09b065 gutentor-col-wrap\">\n<section id=\"gmbc23df5\" class=\"wp-block-gutentor-m4 section-gmbc23df5 gutentor-module gutentor-advanced-columns\"><div class=\"grid-container\"><div class=\"grid-row\">\n<div id=\"col-gm9afa51\" class=\"wp-block-gutentor-m4-col col-gm9afa51 gutentor-single-column  grid-lg-6 grid-md-12 grid-12\"><div id=\"section-gm9afa51\" class=\"section-gm9afa51 gutentor-col-wrap\">\n<div id=\"section-g60b807\" class=\"wp-block-gutentor-e6 section-g60b807 gutentor-element gutentor-element-image\"><div class=\"gutentor-element-image-box\"><a class=\"gutentor-element-image-link\" href=\"https:\/\/www.haie.de\/\" target=\"_blank\" rel=\"noopener noreferrer\"><div class=\"gutentor-image-thumb\"><img decoding=\"async\" class=\"normal-image\" src=\"https:\/\/dental-labor-kroeger.de\/content\/wp-content\/uploads\/2025\/07\/haieLogo.png\"\/><\/div><\/a><\/div><\/div>\n\n\n\n<div id=\"section-g8992a2\" class=\"wp-block-gutentor-e1 section-g8992a2 gutentor-element gutentor-element-advanced-text\"><div class=\"gutentor-text-wrap\"><p class=\"gutentor-text\">Wir sind, zusammen mit vielen weiteren klein- und mittelst\u00e4ndischen&nbsp;Partnern aus der Region K\u00f6ln, ein fester Bestandteil der Haie-Familie.<\/p><\/div><\/div>\n<\/div><\/div>\n\n\n\n<div id=\"col-gm0f4211\" class=\"wp-block-gutentor-m4-col col-gm0f4211 gutentor-single-column  grid-lg-6 grid-md-12 grid-12\"><div id=\"section-gm0f4211\" class=\"section-gm0f4211 gutentor-col-wrap\">\n<div id=\"section-ge3e42a\" class=\"wp-block-gutentor-e6 section-ge3e42a gutentor-element gutentor-element-image\"><div class=\"gutentor-element-image-box\"><a class=\"gutentor-element-image-link\" href=\"https:\/\/www.bund-koeln.de\" target=\"_blank\" rel=\"noopener noreferrer\"><div class=\"gutentor-image-thumb\"><img decoding=\"async\" class=\"normal-image\" src=\"https:\/\/dental-labor-kroeger.de\/content\/wp-content\/uploads\/2023\/01\/BUNDlogo.jpg\"\/><\/div><\/a><\/div><\/div>\n\n\n\n<div id=\"section-gf76ba2\" class=\"wp-block-gutentor-e1 section-gf76ba2 gutentor-element gutentor-element-advanced-text\"><div class=\"gutentor-text-wrap\"><p class=\"gutentor-text\">Mit unserer Firmenmitgliedschaft unterst\u00fctzen wir die Arbeit vom <strong>BUND K\u00f6ln<\/strong> beim <strong>Umwelt- &amp; Naturschutz<\/strong>, zum Beispiel direkt in unserer Nachbarschaft: im Schutzgebiet \u201eDellbr\u00fccker Heide\u201c. Folgen Sie dem Link, um sich weiter zu informieren und abonnieren dort gerne auch den BUND-Newsletter.<\/p><\/div><\/div>\n<\/div><\/div>\n<\/div><\/div><\/section>\n\n\n\n<section id=\"gmc6e4df6\" class=\"wp-block-gutentor-m4 section-gmc6e4df6 gutentor-module gutentor-advanced-columns\"><div class=\"grid-container\"><div class=\"grid-row\">\n<div id=\"col-gm7e08e7\" class=\"wp-block-gutentor-m4-col col-gm7e08e7 gutentor-single-column  grid-lg-6 grid-md-12 grid-12\"><div id=\"section-gm7e08e7\" class=\"section-gm7e08e7 gutentor-col-wrap\">\n<div id=\"section-g67c779\" class=\"wp-block-gutentor-e6 section-g67c779 gutentor-element gutentor-element-image\"><div class=\"gutentor-element-image-box\"><a class=\"gutentor-element-image-link\" href=\"https:\/\/planet-tree.de\" target=\"_blank\" rel=\"noopener noreferrer\"><div class=\"gutentor-image-thumb\"><img decoding=\"async\" class=\"normal-image\" src=\"https:\/\/dental-labor-kroeger.de\/content\/wp-content\/uploads\/2023\/08\/planet-tree.png\"\/><\/div><\/a><\/div><\/div>\n\n\n\n<div id=\"section-g4226a4\" class=\"wp-block-gutentor-e1 section-g4226a4 gutentor-element gutentor-element-advanced-text\"><div class=\"gutentor-text-wrap\"><p class=\"gutentor-text\">Das Thema <strong>Nachhaltigkeit liegt uns am Herzen.<\/strong><br>Aus diesem Grund unterst\u00fctzen wir die Initiative<br>des Familienunternehmens <em>Planet Tree<\/em> \u2013 dessen Slogan<br>lautet: <em>\u201eZusammen machen wir den heimischen Wald stark\u201c.<\/em><\/p><\/div><\/div>\n<\/div><\/div>\n\n\n\n<div id=\"col-gm707c42\" class=\"wp-block-gutentor-m4-col col-gm707c42 gutentor-single-column  grid-lg-6 grid-md-12 grid-12\"><div id=\"section-gm707c42\" class=\"section-gm707c42 gutentor-col-wrap\">\n<div id=\"section-g16f031\" class=\"wp-block-gutentor-e6 section-g16f031 gutentor-element gutentor-element-image\"><div class=\"gutentor-element-image-box\"><a class=\"gutentor-element-image-link\" href=\"http:\/\/www.aktion-tagwerk.de\/\" target=\"_blank\" rel=\"noopener noreferrer\"><div class=\"gutentor-image-thumb\"><img decoding=\"async\" class=\"normal-image\" src=\"https:\/\/dental-labor-kroeger.de\/content\/wp-content\/uploads\/2024\/06\/tagwerk-jobpartner.png\"\/><\/div><\/a><\/div><\/div>\n\n\n\n<div id=\"section-g7e0382\" class=\"wp-block-gutentor-e1 section-g7e0382 gutentor-element gutentor-element-advanced-text\"><div class=\"gutentor-text-wrap\"><p class=\"gutentor-text\">Seit 2024 sind wir als \u201eJobpartner\u201c dabei und f\u00f6rdern das soziale Engagement von Sch\u00fclerinnen &amp; Sch\u00fclern der Klassen 5 bis 8. Die Kinder \u201earbeiten\u201c an diesem Tag bei uns im Betrieb, lernen dadurch unsere Arbeit kennen und spenden ihren Lohn an die <strong>Tagwerk-Projekte<\/strong>.<\/p><\/div><\/div>\n<\/div><\/div>\n<\/div><\/div><\/section>\n\n\n\n<section id=\"gm39d8ead\" class=\"wp-block-gutentor-m4 section-gm39d8ead gutentor-module gutentor-advanced-columns\"><div class=\"grid-container\"><div class=\"grid-row\">\n<div id=\"col-gm9005dc\" class=\"wp-block-gutentor-m4-col col-gm9005dc gutentor-single-column  grid-lg-6 grid-md-12 grid-12\"><div id=\"section-gm9005dc\" class=\"section-gm9005dc gutentor-col-wrap\">\n<div id=\"section-g720e71\" class=\"wp-block-gutentor-e6 section-g720e71 gutentor-element gutentor-element-image\"><div class=\"gutentor-element-image-box\"><a class=\"gutentor-element-image-link\" href=\"https:\/\/tierheim-koeln-dellbrueck.de\/\" target=\"_blank\" rel=\"noopener noreferrer\"><div class=\"gutentor-image-thumb\"><img decoding=\"async\" class=\"normal-image\" src=\"https:\/\/dental-labor-kroeger.de\/content\/wp-content\/uploads\/2024\/06\/tierheim-koeln-dellbrueck.jpg\"\/><\/div><\/a><\/div><\/div>\n\n\n\n<div id=\"section-ge263f5\" class=\"wp-block-gutentor-e1 section-ge263f5 gutentor-element gutentor-element-advanced-text\"><div class=\"gutentor-text-wrap\"><p class=\"gutentor-text\">Tierschutz ist ein aufwendiges Unterfangen, welches mitunter erheblichen personellen und auf jeden Fall ehrenamtlichen Aufwand voraussetzt. Trotz aller Ehrenamtlichkeit bedarf Tierschutz im Allgemeinen aber der stetigen finanziellen F\u00f6rderung durch starke Partner. <strong>Sehr gerne unterst\u00fctzen wir die wertvolle Arbeit des engagierten Teams vom Tierheim K\u00f6ln-Dellbr\u00fcck!<\/strong><\/p><\/div><\/div>\n<\/div><\/div>\n\n\n\n<div id=\"col-gm6fae5c\" class=\"wp-block-gutentor-m4-col col-gm6fae5c gutentor-single-column  grid-lg-6 grid-md-12 grid-12\"><div id=\"section-gm6fae5c\" class=\"section-gm6fae5c gutentor-col-wrap\">\n<div id=\"section-gae2e74\" class=\"wp-block-gutentor-e6 section-gae2e74 gutentor-element gutentor-element-image\"><div class=\"gutentor-element-image-box\"><a class=\"gutentor-element-image-link\" href=\"https:\/\/www.netzwerk-courage.de\/\" target=\"_blank\" rel=\"noopener noreferrer\"><div class=\"gutentor-image-thumb\"><img decoding=\"async\" class=\"normal-image\" src=\"https:\/\/dental-labor-kroeger.de\/content\/wp-content\/uploads\/2025\/04\/courage.png\"\/><\/div><\/a><\/div><\/div>\n\n\n\n<div id=\"section-ga1d8d3\" class=\"wp-block-gutentor-e1 section-ga1d8d3 gutentor-element gutentor-element-advanced-text\"><div class=\"gutentor-text-wrap\"><p class=\"gutentor-text\">Im Verein <strong>Netzwerk f\u00fcr Demokratie und Courage e. V. (NDC) <\/strong>haben sich viele Menschen und Gruppen zusammengetan, um etwas gegen menschenverachtendes Denken und diskriminierendes Verhalten zu unternehmen. Das NDC leistet <strong>demokratief\u00f6rdernde<br>Bildungs- und Beratungsarbeit <\/strong>und verf\u00fcgt \u00fcber ein vielf\u00e4ltiges Angebot, wie z. B. Projekttage f\u00fcr Kinder und Jugendliche, die an Schulen durchgef\u00fchrt werden. Eine wichtige Arbeit, auf die wir gerne aufmerksam machen und die wir unterst\u00fctzen!<\/p><\/div><\/div>\n<\/div><\/div>\n<\/div><\/div><\/section>\n<\/div><\/div>\n<\/div><\/div><\/section>\n","protected":false},"excerpt":{"rendered":"","protected":false},"author":2,"featured_media":0,"parent":0,"menu_order":0,"comment_status":"closed","ping_status":"closed","template":"template-gutentor-full-width.php","meta":{"footnotes":""},"class_list":["post-1090","page","type-page","status-publish","hentry"],"_links":{"self":[{"href":"https:\/\/dental-labor-kroeger.de\/content\/wp-json\/wp\/v2\/pages\/1090","targetHints":{"allow":["GET"]}}],"collection":[{"href":"https:\/\/dental-labor-kroeger.de\/content\/wp-json\/wp\/v2\/pages"}],"about":[{"href":"https:\/\/dental-labor-kroeger.de\/content\/wp-json\/wp\/v2\/types\/page"}],"author":[{"embeddable":true,"href":"https:\/\/dental-labor-kroeger.de\/content\/wp-json\/wp\/v2\/users\/2"}],"replies":[{"embeddable":true,"href":"https:\/\/dental-labor-kroeger.de\/content\/wp-json\/wp\/v2\/comments?post=1090"}],"version-history":[{"count":81,"href":"https:\/\/dental-labor-kroeger.de\/content\/wp-json\/wp\/v2\/pages\/1090\/revisions"}],"predecessor-version":[{"id":2092,"href":"https:\/\/dental-labor-kroeger.de\/content\/wp-json\/wp\/v2\/pages\/1090\/revisions\/2092"}],"wp:attachment":[{"href":"https:\/\/dental-labor-kroeger.de\/content\/wp-json\/wp\/v2\/media?parent=1090"}],"curies":[{"name":"wp","href":"https:\/\/api.w.org\/{rel}","templated":true}]}}