{"id":1119,"date":"2022-06-12T17:02:22","date_gmt":"2022-06-12T15:02:22","guid":{"rendered":"https:\/\/dental-labor-kroeger.de\/content\/?page_id=1119"},"modified":"2025-04-08T10:43:21","modified_gmt":"2025-04-08T08:43:21","slug":"qualitaetsmanagement","status":"publish","type":"page","link":"https:\/\/dental-labor-kroeger.de\/content\/qualitaetsmanagement\/","title":{"rendered":"QUALIT\u00c4TSMANAGEMENT"},"content":{"rendered":"\n<div id=\"section-g81be84\" class=\"wp-block-gutentor-e6 section-g81be84 gutentor-element gutentor-element-image text-align-center-desktop\"><div class=\"gutentor-element-image-box\"><div class=\"gutentor-bg-image\"><\/div><\/div><\/div>\n\n\n\n<section id=\"gm55ecaa1\" class=\"wp-block-gutentor-m4 section-gm55ecaa1 gutentor-module gutentor-advanced-columns has-image-bg has-custom-bg\"><div class=\"grid-container\"><div class=\"grid-row\">\n<div id=\"col-gme84f89\" class=\"wp-block-gutentor-m4-col col-gme84f89 gutentor-single-column  grid-lg-12 grid-md-12 grid-12\"><div id=\"section-gme84f89\" class=\"section-gme84f89 gutentor-col-wrap\">\n<div id=\"section-g5f284c\" class=\"wp-block-gutentor-e1 section-g5f284c gutentor-element gutentor-element-advanced-text\"><div class=\"gutentor-text-wrap\"><h2 class=\"gutentor-text\">Unser Qualit\u00e4tsmanagementsystem<\/h2><\/div><\/div>\n\n\n\n<div id=\"section-gd83629\" class=\"wp-block-gutentor-e1 section-gd83629 gutentor-element gutentor-element-advanced-text\"><div class=\"gutentor-text-wrap\"><p class=\"gutentor-text\">Dentallabore sind Hersteller von Sonderanfertigungen im Sinne des Medizinprodukterechtes \u2013 dieses soll dem Patientenschutz dienen. Damit wird die besondere Verantwortung der Dentallabore f\u00fcr die Sicherheit ihrer Produkte deutlich.<\/p><\/div><\/div>\n<\/div><\/div>\n<\/div><\/div><\/section>\n\n\n\n<section id=\"gmfa82664\" class=\"wp-block-gutentor-m4 section-gmfa82664 gutentor-module gutentor-advanced-columns\"><div class=\"grid-container\"><div class=\"grid-row\">\n<div id=\"col-gm66a9f9\" class=\"wp-block-gutentor-m4-col col-gm66a9f9 gutentor-single-column  grid-lg-12 grid-md-12 grid-12\"><div id=\"section-gm66a9f9\" class=\"section-gm66a9f9 gutentor-col-wrap\">\n<div id=\"section-gae6bae\" class=\"wp-block-gutentor-e1 section-gae6bae gutentor-element gutentor-element-advanced-text\"><div class=\"gutentor-text-wrap\"><p class=\"gutentor-text\">Seit dem 26.05.2021 gilt die neue \u201eVerordnung (EU) 2017\/745 des europ\u00e4ischen Parlaments und des Rates vom 05. April 2017 \u00fcber Medizinprodukte\u201c und ersetzt vormals bestehende nationale Regelungen. Diese Verordnung ist von allen Dentallaboren anzuwenden. <\/p><\/div><\/div>\n\n\n\n<section id=\"gm8391074\" class=\"wp-block-gutentor-m4 section-gm8391074 gutentor-module gutentor-advanced-columns\"><div class=\"grid-container\"><div class=\"grid-row\">\n<div id=\"col-gm0da705\" class=\"wp-block-gutentor-m4-col col-gm0da705 gutentor-single-column  grid-lg-3 grid-md-12 grid-12\"><div id=\"section-gm0da705\" class=\"section-gm0da705 gutentor-col-wrap\">\n<div id=\"section-gdbd5d4\" class=\"wp-block-gutentor-e6 section-gdbd5d4 gutentor-element gutentor-element-image\"><div class=\"gutentor-element-image-box\"><a class=\"gutentor-element-image-link\" href=\"https:\/\/dental-labor-kroeger.de\/content\/wp-content\/uploads\/2025\/04\/Online-Duplikat-MDR.pdf\" target=\"_blank\" rel=\"noopener noreferrer\"><div class=\"gutentor-image-thumb\"><img decoding=\"async\" class=\"normal-image\" src=\"https:\/\/dental-labor-kroeger.de\/content\/wp-content\/uploads\/2025\/04\/qm-zertifikat.jpg\"\/><\/div><\/a><\/div><\/div>\n<\/div><\/div>\n\n\n\n<div id=\"col-gm8f3ecc\" class=\"wp-block-gutentor-m4-col col-gm8f3ecc gutentor-single-column  grid-lg-9 grid-md-12 grid-12\"><div id=\"section-gm8f3ecc\" class=\"section-gm8f3ecc gutentor-col-wrap\">\n<div id=\"section-g1bfbc1\" class=\"wp-block-gutentor-e1 section-g1bfbc1 gutentor-element gutentor-element-advanced-text\"><div class=\"gutentor-text-wrap\"><p class=\"gutentor-text\">Auch wir haben unser bestehendes QM-System umgestellt und an die Anforderungen der MDR (Medical Device Regulation) 2017\/745 angepasst bzw. erweitert und sichern zu, dass unsere Sonderanfertigungen den in Anhang I der o. g. Verordnung angegebenen grundlegenden Sicherheits- und Leistungsanforderungen entsprechen.<br><br>Dar\u00fcber hinaus haben wir im Jahr 2024 unser QM-System (erstmalig im Rahmen eines Zertifizierungsaudits) durch einen externen Auditor der Proxi GmbH \u00fcberpr\u00fcfen lassen. Die Anwendung unseres QM-Systems nach den regulatorischen o. g. Vorgaben der MDR sowie dem MPDG (Medizinprodukterecht-Durchf\u00fchrungsgesetz) wurden uns von dieser externen Stelle bescheinigt.<br><br>All unsere Arbeitsprozesse werden von einem Risikomanagement mit klaren Strukturen und Regelungen begleitet, die helfen Risiken zu vermeiden, sie zu minimieren und zu beherrschen.<\/p><\/div><\/div>\n<\/div><\/div>\n<\/div><\/div><\/section>\n\n\n\n<div id=\"section-g42b60b\" class=\"wp-block-gutentor-e1 section-g42b60b gutentor-element gutentor-element-advanced-text\"><div class=\"gutentor-text-wrap\"><p class=\"gutentor-text\">Unser zentrales Hauptaugenmerk richten wir bei jeder Anfertigung auf die Qualit\u00e4t und Sicherheit des individuellen zahntechnischen Produkts \u2013 von diesem und seiner Nutzung darf f\u00fcr den Patienten keinerlei Gef\u00e4hrdung ausgehen. Dieses Ziel wird jeweils von der Planung \u00fcber die Herstellung bis zur \u201eAuslieferung\u201c uneingeschr\u00e4nkt verfolgt. Dabei richten wir unsere Arbeit systematisch am jeweils aktuellen Stand der Technik, unseres Wissens und unseren Erfahrungen aus.<br><br>Wir analysieren stetig unsere Arbeitsprozesse und entwickeln neue Verfahren, stimmen andere wiederum aufeinander ab \u2013 unser QM-System ist lebendig und entwickelt sich weiter. Die \u00dcberwachung der weiteren Entwicklung erfolgt ebenfalls regelm\u00e4\u00dfig in Form von externen Audits durch die Proxi GmbH.<br><br>Letztlich zeigen uns die vielen positiven Kunden- und Patientenfeedbacks, dass neben den gesetzlichen Anforderungen auch unsere selbstgesetzten Anspr\u00fcche an die G\u00fcte und Beschaffenheit des Produkts sowie unsere Pr\u00e4zision nicht nur wichtig, sondern auch richtig sind.<\/p><\/div><\/div>\n<\/div><\/div>\n<\/div><\/div><\/section>\n","protected":false},"excerpt":{"rendered":"","protected":false},"author":2,"featured_media":0,"parent":0,"menu_order":0,"comment_status":"closed","ping_status":"closed","template":"template-gutentor-full-width.php","meta":{"footnotes":""},"class_list":["post-1119","page","type-page","status-publish","hentry"],"_links":{"self":[{"href":"https:\/\/dental-labor-kroeger.de\/content\/wp-json\/wp\/v2\/pages\/1119","targetHints":{"allow":["GET"]}}],"collection":[{"href":"https:\/\/dental-labor-kroeger.de\/content\/wp-json\/wp\/v2\/pages"}],"about":[{"href":"https:\/\/dental-labor-kroeger.de\/content\/wp-json\/wp\/v2\/types\/page"}],"author":[{"embeddable":true,"href":"https:\/\/dental-labor-kroeger.de\/content\/wp-json\/wp\/v2\/users\/2"}],"replies":[{"embeddable":true,"href":"https:\/\/dental-labor-kroeger.de\/content\/wp-json\/wp\/v2\/comments?post=1119"}],"version-history":[{"count":40,"href":"https:\/\/dental-labor-kroeger.de\/content\/wp-json\/wp\/v2\/pages\/1119\/revisions"}],"predecessor-version":[{"id":2074,"href":"https:\/\/dental-labor-kroeger.de\/content\/wp-json\/wp\/v2\/pages\/1119\/revisions\/2074"}],"wp:attachment":[{"href":"https:\/\/dental-labor-kroeger.de\/content\/wp-json\/wp\/v2\/media?parent=1119"}],"curies":[{"name":"wp","href":"https:\/\/api.w.org\/{rel}","templated":true}]}}