{"id":68,"date":"2019-09-30T09:25:50","date_gmt":"2019-09-30T09:25:50","guid":{"rendered":"https:\/\/www.demo.cosmoswp.com\/demo-2\/?page_id=427"},"modified":"2022-08-02T13:25:46","modified_gmt":"2022-08-02T11:25:46","slug":"leistungen","status":"publish","type":"page","link":"https:\/\/dental-labor-kroeger.de\/content\/leistungen\/","title":{"rendered":"LEISTUNGEN"},"content":{"rendered":"\n<div id=\"section-g070fec\" class=\"wp-block-gutentor-e6 section-g070fec gutentor-element gutentor-element-image\"><div class=\"gutentor-element-image-box\"><div class=\"gutentor-bg-image\"><\/div><\/div><\/div>\n\n\n\n<section id=\"gm1a36dbc\" class=\"wp-block-gutentor-m4 section-gm1a36dbc gutentor-module gutentor-advanced-columns has-image-bg has-custom-bg\"><div class=\"grid-container\"><div class=\"grid-row\">\n<div id=\"col-gmbf6430\" class=\"wp-block-gutentor-m4-col col-gmbf6430 gutentor-single-column  grid-lg-12 grid-md-12 grid-12\"><div id=\"section-gmbf6430\" class=\"section-gmbf6430 gutentor-col-wrap\">\n<div id=\"section-gc1f2fb\" class=\"wp-block-gutentor-e1 section-gc1f2fb gutentor-element gutentor-element-advanced-text text-align-center-desktop\"><div class=\"gutentor-text-wrap\"><h2 class=\"gutentor-text\">Unsere Leistungen<\/h2><\/div><\/div>\n\n\n\n<div id=\"section-g64ed11\" class=\"wp-block-gutentor-e1 section-g64ed11 gutentor-element gutentor-element-advanced-text text-align-center-desktop\"><div class=\"gutentor-text-wrap\"><p class=\"gutentor-text\">Wir bieten Ihnen eine Vielfalt modernster prothetischer Versorgungsm\u00f6glichkeiten.<br>Unser zentraler Anspruch ist es, dass wir den perfekten individuellen Zahnersatz fertigen: funktional &amp; \u00e4sthetisch.<br>Um dieses Ziel zu erreichen, pflegen wir eine gute und enge Zusammenarbeit mit den Zahn\u00e4rzten und den gemeinsamen Austausch mit den Patienten.<\/p><\/div><\/div>\n<\/div><\/div>\n<\/div><\/div><\/section>\n\n\n\n<section id=\"gm6214990\" class=\"wp-block-gutentor-m4 section-gm6214990 gutentor-module gutentor-advanced-columns\"><div class=\"grid-container\"><div class=\"grid-row\">\n<div id=\"col-gm2ac055\" class=\"wp-block-gutentor-m4-col col-gm2ac055 gutentor-single-column  grid-lg-12 grid-md-12 grid-12\"><div id=\"section-gm2ac055\" class=\"section-gm2ac055 gutentor-col-wrap has-color-bg has-custom-bg\">\n<div id=\"section-g4dc692\" class=\"wp-block-gutentor-e6 section-g4dc692 gutentor-element gutentor-element-image text-align-center-desktop text-align-center-tablet text-align-center-mobile\"><div class=\"gutentor-element-image-box\"><div class=\"gutentor-image-thumb\"><img decoding=\"async\" class=\"normal-image\" src=\"https:\/\/dental-labor-kroeger.de\/content\/wp-content\/uploads\/2022\/08\/service-cadcam.png\"\/><\/div><\/div><\/div>\n\n\n\n<div id=\"section-gf7e1b8\" class=\"wp-block-gutentor-e1 section-gf7e1b8 gutentor-element gutentor-element-advanced-text text-align-center-desktop text-align-center-tablet text-align-center-mobile\"><div class=\"gutentor-text-wrap\"><h3 class=\"gutentor-text\"> <strong>Digitale Fertigung mittels CAD\/CAM-Technologie<\/strong> <\/h3><\/div><\/div>\n\n\n\n<div id=\"section-gcc4266\" class=\"wp-block-gutentor-e1 section-gcc4266 gutentor-element gutentor-element-advanced-text text-align-center-desktop text-align-center-tablet text-align-center-mobile\"><div class=\"gutentor-text-wrap\"><p class=\"gutentor-text\"> Mittels CAD\/CAM (computer-aided design\/computer aided manufacturing) entsteht aus digitalen 3D-Abbildungen in k\u00fcrzester Zeit hochwertiger Zahnersatz wie Kronen, Br\u00fccken, Implantate, Inlays oder Prothesen. Eine dreidimensionale digitale Aufnahme verschafft uns in einem CAD-Programm eine vollst\u00e4ndige und sehr detaillierte Darstellung der individuellen Mundsituation. Anhand dieses Bildes wird der geplante Zahnersatz mit h\u00f6chster Passgenauigkeit digital aufgebaut. Die computergesteuerte Station (CAM) erzeugt durch Schleifen oder Fr\u00e4sen aus einem Rohling den jeweiligen Zahnersatz. <\/p><\/div><\/div>\n<\/div><\/div>\n<\/div><\/div><\/section>\n\n\n\n<section id=\"gmf82295b\" class=\"wp-block-gutentor-m4 section-gmf82295b gutentor-module gutentor-advanced-columns\"><div class=\"grid-container\"><div class=\"grid-row\">\n<div id=\"col-gmc0df23\" class=\"wp-block-gutentor-m4-col col-gmc0df23 gutentor-single-column  grid-lg-4 grid-md-12 grid-12\"><div id=\"section-gmc0df23\" class=\"section-gmc0df23 gutentor-col-wrap has-color-bg has-custom-bg has-gutentor-overlay\">\n<div id=\"section-ga46815\" class=\"wp-block-gutentor-e6 section-ga46815 gutentor-element gutentor-element-image text-align-center-desktop text-align-center-tablet text-align-center-mobile\"><div class=\"gutentor-element-image-box\"><div class=\"gutentor-image-thumb\"><img decoding=\"async\" class=\"normal-image\" src=\"https:\/\/dental-labor-kroeger.de\/content\/wp-content\/uploads\/2022\/08\/servic-krone.png\"\/><\/div><\/div><\/div>\n\n\n\n<div id=\"section-gf7f678\" class=\"wp-block-gutentor-e1 section-gf7f678 gutentor-element gutentor-element-advanced-text text-align-center-desktop text-align-center-tablet text-align-center-mobile\"><div class=\"gutentor-text-wrap\"><h3 class=\"gutentor-text\">Kronen<\/h3><\/div><\/div>\n\n\n\n<div id=\"section-g954f9f\" class=\"wp-block-gutentor-e1 section-g954f9f gutentor-element gutentor-element-advanced-text text-align-center-desktop\"><div class=\"gutentor-text-wrap\"><p class=\"gutentor-text\">Kronen geh\u00f6ren zum festsitzenden Zahnersatz und werden infolge des Verlustes oder starker Sch\u00e4digung der nat\u00fcrlichen Zahnkrone eingesetzt. Als Materialien kommen individuell Keramik, Kunststoff, Goldlegierungen und Stahl zum Einsatz.<\/p><\/div><\/div>\n<\/div><\/div>\n\n\n\n<div id=\"col-gme39a1a\" class=\"wp-block-gutentor-m4-col col-gme39a1a gutentor-single-column  grid-lg-4 grid-md-12 grid-12\"><div id=\"section-gme39a1a\" class=\"section-gme39a1a gutentor-col-wrap has-color-bg has-custom-bg\">\n<div id=\"section-gc179ee\" class=\"wp-block-gutentor-e6 section-gc179ee gutentor-element gutentor-element-image text-align-center-desktop text-align-center-tablet text-align-center-mobile\"><div class=\"gutentor-element-image-box\"><div class=\"gutentor-image-thumb\"><img decoding=\"async\" class=\"normal-image\" src=\"https:\/\/dental-labor-kroeger.de\/content\/wp-content\/uploads\/2022\/08\/service-bruecke.png\"\/><\/div><\/div><\/div>\n\n\n\n<div id=\"section-gad4f00\" class=\"wp-block-gutentor-e1 section-gad4f00 gutentor-element gutentor-element-advanced-text text-align-center-desktop text-align-center-tablet text-align-center-mobile\"><div class=\"gutentor-text-wrap\"><h3 class=\"gutentor-text\">Br\u00fccken<\/h3><\/div><\/div>\n\n\n\n<div id=\"section-ga4d49f\" class=\"wp-block-gutentor-e1 section-ga4d49f gutentor-element gutentor-element-advanced-text text-align-center-desktop\"><div class=\"gutentor-text-wrap\"><p class=\"gutentor-text\">Die L\u00fccke, die ein fehlender Zahn hinterl\u00e4sst, kann durch eine Br\u00fccke geschlossen werden. Dabei wird die Br\u00fccke \u00fcber Pfeiler- oder Ankerz\u00e4hne befestigt, die jeweils aus eigenen Z\u00e4hnen oder Implantaten bestehen. Zur Auswahl stehen Vollguss-, Verblend- und Vollkeramikbr\u00fccken.<\/p><\/div><\/div>\n<\/div><\/div>\n\n\n\n<div id=\"col-gm483433\" class=\"wp-block-gutentor-m4-col col-gm483433 gutentor-single-column  grid-lg-4 grid-md-12 grid-12\"><div id=\"section-gm483433\" class=\"section-gm483433 gutentor-col-wrap has-color-bg has-custom-bg\">\n<div id=\"section-g808d8f\" class=\"wp-block-gutentor-e6 section-g808d8f gutentor-element gutentor-element-image text-align-center-desktop text-align-center-tablet text-align-center-mobile\"><div class=\"gutentor-element-image-box\"><div class=\"gutentor-image-thumb\"><img decoding=\"async\" class=\"normal-image\" src=\"https:\/\/dental-labor-kroeger.de\/content\/wp-content\/uploads\/2022\/08\/service-inlay.png\"\/><\/div><\/div><\/div>\n\n\n\n<div id=\"section-gf6eaf9\" class=\"wp-block-gutentor-e1 section-gf6eaf9 gutentor-element gutentor-element-advanced-text text-align-center-desktop text-align-center-tablet text-align-center-mobile\"><div class=\"gutentor-text-wrap\"><h3 class=\"gutentor-text\">Inlays\/Teilkronen<\/h3><\/div><\/div>\n\n\n\n<div id=\"section-g0d4b03\" class=\"wp-block-gutentor-e1 section-g0d4b03 gutentor-element gutentor-element-advanced-text text-align-center-desktop\"><div class=\"gutentor-text-wrap\"><p class=\"gutentor-text\">Wenn ein Zahn aufgrund von Karies beschliffen werden muss, der Zahn jedoch teilweise erhalten werden kann, kommen laborgefertigte Inlays oder Teilkronen zum Einsatz. Diese bestehen entweder aus einer Goldlegierung oder aus keramischen, zur Zahnfarbe passendem, Material.<br><\/p><\/div><\/div>\n<\/div><\/div>\n<\/div><\/div><\/section>\n\n\n\n<section id=\"gmf2a7b19\" class=\"wp-block-gutentor-m4 section-gmf2a7b19 gutentor-module gutentor-advanced-columns\"><div class=\"grid-container\"><div class=\"grid-row\">\n<div id=\"col-gm54dc3c\" class=\"wp-block-gutentor-m4-col col-gm54dc3c gutentor-single-column  grid-lg-4 grid-md-12 grid-12\"><div id=\"section-gm54dc3c\" class=\"section-gm54dc3c gutentor-col-wrap has-color-bg has-custom-bg\">\n<div id=\"section-g7ab2d7\" class=\"wp-block-gutentor-e6 section-g7ab2d7 gutentor-element gutentor-element-image text-align-center-desktop text-align-center-tablet text-align-center-mobile\"><div class=\"gutentor-element-image-box\"><div class=\"gutentor-image-thumb\"><img decoding=\"async\" class=\"normal-image\" src=\"https:\/\/dental-labor-kroeger.de\/content\/wp-content\/uploads\/2022\/08\/service-kombi.png\"\/><\/div><\/div><\/div>\n\n\n\n<div id=\"section-g4ba4d9\" class=\"wp-block-gutentor-e1 section-g4ba4d9 gutentor-element gutentor-element-advanced-text text-align-center-desktop text-align-center-tablet text-align-center-mobile\"><div class=\"gutentor-text-wrap\"><h3 class=\"gutentor-text\">Kombinationstechnik<\/h3><\/div><\/div>\n\n\n\n<div id=\"section-g3320ae\" class=\"wp-block-gutentor-e1 section-g3320ae gutentor-element gutentor-element-advanced-text text-align-center-desktop text-align-center-tablet text-align-center-mobile\"><div class=\"gutentor-text-wrap\"><p class=\"gutentor-text\">Kombination aus festem und rausnehmbarem Zahnersatz. Rausnehmbare Prothese, die durch festsitzende Verankerungselemente an den verbliebenen Z\u00e4hnen Halt findet, wie Teleskop- und Konuskronen, Riegel, Anker und Geschiebe.<\/p><\/div><\/div>\n<\/div><\/div>\n\n\n\n<div id=\"col-gm6785ca\" class=\"wp-block-gutentor-m4-col col-gm6785ca gutentor-single-column  grid-lg-4 grid-md-12 grid-12\"><div id=\"section-gm6785ca\" class=\"section-gm6785ca gutentor-col-wrap has-color-bg has-custom-bg\">\n<div id=\"section-g14f145\" class=\"wp-block-gutentor-e6 section-g14f145 gutentor-element gutentor-element-image text-align-center-desktop text-align-center-tablet text-align-center-mobile\"><div class=\"gutentor-element-image-box\"><div class=\"gutentor-image-thumb\"><img decoding=\"async\" class=\"normal-image\" src=\"https:\/\/dental-labor-kroeger.de\/content\/wp-content\/uploads\/2022\/08\/service-implantat.png\"\/><\/div><\/div><\/div>\n\n\n\n<div id=\"section-g6b2734\" class=\"wp-block-gutentor-e1 section-g6b2734 gutentor-element gutentor-element-advanced-text text-align-center-desktop text-align-center-tablet text-align-center-mobile\"><div class=\"gutentor-text-wrap\"><h3 class=\"gutentor-text\">Implantattechnik<\/h3><\/div><\/div>\n\n\n\n<div id=\"section-g12ccb2\" class=\"wp-block-gutentor-e1 section-g12ccb2 gutentor-element gutentor-element-advanced-text text-align-center-desktop text-align-center-tablet text-align-center-mobile\"><div class=\"gutentor-text-wrap\"><p class=\"gutentor-text\">Ein Implantat besitzt eine k\u00fcnstliche Zahnwurzel und ist so sicher und fest wie die eigenen Z\u00e4hne \u2013 hierdurch entstehen Ihnen beim Sprechen und Essen keinerlei Beeintr\u00e4chtigungen und das gesundes Lebensgef\u00fchl kann erhalten bleiben.<\/p><\/div><\/div>\n<\/div><\/div>\n\n\n\n<div id=\"col-gma16f52\" class=\"wp-block-gutentor-m4-col col-gma16f52 gutentor-single-column  grid-lg-4 grid-md-12 grid-12\"><div id=\"section-gma16f52\" class=\"section-gma16f52 gutentor-col-wrap has-color-bg has-custom-bg\">\n<div id=\"section-g15e62b\" class=\"wp-block-gutentor-e6 section-g15e62b gutentor-element gutentor-element-image text-align-center-desktop text-align-center-tablet text-align-center-mobile\"><div class=\"gutentor-element-image-box\"><div class=\"gutentor-image-thumb\"><img decoding=\"async\" class=\"normal-image\" src=\"https:\/\/dental-labor-kroeger.de\/content\/wp-content\/uploads\/2022\/08\/service-teilprothetik.png\"\/><\/div><\/div><\/div>\n\n\n\n<div id=\"section-gd770da\" class=\"wp-block-gutentor-e1 section-gd770da gutentor-element gutentor-element-advanced-text text-align-center-desktop text-align-center-tablet text-align-center-mobile\"><div class=\"gutentor-text-wrap\"><h3 class=\"gutentor-text\">Teilprothetik<\/h3><\/div><\/div>\n\n\n\n<div id=\"section-g17921d\" class=\"wp-block-gutentor-e1 section-g17921d gutentor-element gutentor-element-advanced-text text-align-center-desktop text-align-center-tablet text-align-center-mobile\"><div class=\"gutentor-text-wrap\"><p class=\"gutentor-text\">Das Hauptmerkmal einer Teilprothese ist, dass die auf der Schleimhaut befindlichen S\u00e4ttel zum Ersatz der fehlenden Z\u00e4hne \u00fcber Geschiebe, Klammern oder Teleskopkronen mit den nat\u00fcrlichen Z\u00e4hnen verbunden sind.<\/p><\/div><\/div>\n<\/div><\/div>\n<\/div><\/div><\/section>\n\n\n\n<section id=\"gm13ec458\" class=\"wp-block-gutentor-m4 section-gm13ec458 gutentor-module gutentor-advanced-columns\"><div class=\"grid-container\"><div class=\"grid-row\">\n<div id=\"col-gm03912e\" class=\"wp-block-gutentor-m4-col col-gm03912e gutentor-single-column  grid-lg-4 grid-md-12 grid-12\"><div id=\"section-gm03912e\" class=\"section-gm03912e gutentor-col-wrap has-color-bg has-custom-bg\">\n<div id=\"section-g1287e3\" class=\"wp-block-gutentor-e6 section-g1287e3 gutentor-element gutentor-element-image text-align-center-desktop text-align-center-tablet text-align-center-mobile\"><div class=\"gutentor-element-image-box\"><div class=\"gutentor-image-thumb\"><img decoding=\"async\" class=\"normal-image\" src=\"https:\/\/dental-labor-kroeger.de\/content\/wp-content\/uploads\/2022\/08\/service-totalprothese.png\"\/><\/div><\/div><\/div>\n\n\n\n<div id=\"section-gd58b40\" class=\"wp-block-gutentor-e1 section-gd58b40 gutentor-element gutentor-element-advanced-text text-align-center-desktop text-align-center-tablet text-align-center-mobile\"><div class=\"gutentor-text-wrap\"><h3 class=\"gutentor-text\">Totalprothetik<\/h3><\/div><\/div>\n\n\n\n<div id=\"section-ga57a66\" class=\"wp-block-gutentor-e1 section-ga57a66 gutentor-element gutentor-element-advanced-text text-align-center-desktop text-align-center-tablet text-align-center-mobile\"><div class=\"gutentor-text-wrap\"><p class=\"gutentor-text\">Eine Vollprothese kommt dann zur Anwendung, wenn keine eigenen Z\u00e4hne mehr vorhanden sind. Prothesen werden unter Ber\u00fccksichtigung der Zahnfarbe, Zahnform und Funktion gefertigt.<\/p><\/div><\/div>\n<\/div><\/div>\n\n\n\n<div id=\"col-gm89ef7d\" class=\"wp-block-gutentor-m4-col col-gm89ef7d gutentor-single-column  grid-lg-4 grid-md-12 grid-12\"><div id=\"section-gm89ef7d\" class=\"section-gm89ef7d gutentor-col-wrap has-color-bg has-custom-bg\">\n<div id=\"section-gbe2823\" class=\"wp-block-gutentor-e6 section-gbe2823 gutentor-element gutentor-element-image text-align-center-desktop text-align-center-tablet text-align-center-mobile\"><div class=\"gutentor-element-image-box\"><div class=\"gutentor-image-thumb\"><img decoding=\"async\" class=\"normal-image\" src=\"https:\/\/dental-labor-kroeger.de\/content\/wp-content\/uploads\/2022\/08\/service-schiene.png\"\/><\/div><\/div><\/div>\n\n\n\n<div id=\"section-gb7843e\" class=\"wp-block-gutentor-e1 section-gb7843e gutentor-element gutentor-element-advanced-text text-align-center-desktop text-align-center-tablet text-align-center-mobile\"><div class=\"gutentor-text-wrap\"><h3 class=\"gutentor-text\">Schienentechnik<\/h3><\/div><\/div>\n\n\n\n<div id=\"section-ge4f10c\" class=\"wp-block-gutentor-e1 section-ge4f10c gutentor-element gutentor-element-advanced-text text-align-center-desktop text-align-center-tablet text-align-center-mobile\"><div class=\"gutentor-text-wrap\"><p class=\"gutentor-text\">Je nach Bedarf fertigen wir Aufbissschienen, Knirscherschienen, Entspannungsschienen, Anti-Schnarchschienen, Erh\u00f6hungsschienen, Miniplastschienen oder Bleachingschienen.<\/p><\/div><\/div>\n<\/div><\/div>\n\n\n\n<div id=\"col-gm62cce8\" class=\"wp-block-gutentor-m4-col col-gm62cce8 gutentor-single-column  grid-lg-4 grid-md-12 grid-12\"><div id=\"section-gm62cce8\" class=\"section-gm62cce8 gutentor-col-wrap has-color-bg has-custom-bg\">\n<div id=\"section-g28df86\" class=\"wp-block-gutentor-e6 section-g28df86 gutentor-element gutentor-element-image text-align-center-desktop text-align-center-tablet text-align-center-mobile\"><div class=\"gutentor-element-image-box\"><div class=\"gutentor-image-thumb\"><img decoding=\"async\" class=\"normal-image\" src=\"https:\/\/dental-labor-kroeger.de\/content\/wp-content\/uploads\/2022\/08\/service-veneer.png\"\/><\/div><\/div><\/div>\n\n\n\n<div id=\"section-g4e143b\" class=\"wp-block-gutentor-e1 section-g4e143b gutentor-element gutentor-element-advanced-text text-align-center-desktop text-align-center-tablet text-align-center-mobile\"><div class=\"gutentor-text-wrap\"><h3 class=\"gutentor-text\">Veneers<\/h3><\/div><\/div>\n\n\n\n<div id=\"section-g93045c\" class=\"wp-block-gutentor-e1 section-g93045c gutentor-element gutentor-element-advanced-text text-align-center-desktop text-align-center-tablet text-align-center-mobile\"><div class=\"gutentor-text-wrap\"><p class=\"gutentor-text\">Hauchd\u00fcnne keramische Verblendschalen, durch die die Z\u00e4hne im sichtbaren Frontbereich \u00e4sthetisch korrigiert werden k\u00f6nnen. Durch hochwertiges Keramikmaterial k\u00f6nnen sie viele Jahre halten.<\/p><\/div><\/div>\n<\/div><\/div>\n<\/div><\/div><\/section>\n\n\n\n<section id=\"gm9bc23d1\" class=\"wp-block-gutentor-m4 section-gm9bc23d1 gutentor-module gutentor-advanced-columns\"><div class=\"grid-container\"><div class=\"grid-row\">\n<div id=\"col-gm631b3f\" class=\"wp-block-gutentor-m4-col col-gm631b3f gutentor-single-column  grid-lg-12 grid-md-12 grid-12\"><div id=\"section-gm631b3f\" class=\"section-gm631b3f gutentor-col-wrap\">\n<div id=\"section-gb7473e\" class=\"wp-block-gutentor-e1 section-gb7473e gutentor-element gutentor-element-advanced-text\"><div class=\"gutentor-text-wrap\"><h3 class=\"gutentor-text\">Weitere Leistungen<\/h3><\/div><\/div>\n\n\n\n<section id=\"59945c\" class=\"section-59945c gutentor-module gutentor-module-accordion\"><div class=\"grid-container\">\n<div id=\"b15aec\" class=\"wp-block-gutentor-m6-item section-b15aec gutentor-module gutentor-module-accordion-item\"><div class=\"gutentor-module-accordion-panel g-a-panel-59945c\"><div class=\"gm-ah-59945c gutentor-module-accordion-item-heading gutentor-module-icon-position-left\"><span class=\"gutentor-module-accordion-panel-handler\" role=\"button\"><span class=\"gutentor-module-accordion-icon\"><i class=\"gm-aio-59945c gutentor-module-accordion-icon-open fas fa-angle-double-down\"><\/i><i class=\"gm-aic-59945c gutentor-module-accordion-icon-close fas fa-angle-double-up\"><\/i><\/span><span class=\"gutentor-module-accordion-panel-handler-label\"><strong>Hybridprothetik<\/strong><\/span><\/span><\/div><div class=\"gm-ab-59945c gutentor-module-accordion-body\">\n<div id=\"section-g809a4b\" class=\"wp-block-gutentor-e0 section-g809a4b gutentor-element gutentor-element-advanced-text\"><div class=\"gutentor-text-wrap\"><p class=\"gutentor-text\">Hierbei handelt es sich um eine Kombinationsprothetik, bei der eine herausnehmbare Teil- oder Totalprothese an den verbliebenen Z\u00e4hnen oder Implantaten verankert wird. Die Hybridprothese (oder auch Overdenture-Prothese) l\u00e4sst sich \u00e4u\u00dferlich nicht von einer Totalprothese unterscheiden, bietet allerdings den Vorteil, dass sie etwa beim Kauen und Sprechen festsitzt, f\u00fcr die Prothesenreinigung jedoch einfach herausnehmbar ist.<\/p><\/div><\/div>\n<\/div><\/div><\/div>\n\n\n\n<div id=\"c3ffb4\" class=\"wp-block-gutentor-m6-item section-c3ffb4 gutentor-module gutentor-module-accordion-item\"><div class=\"gutentor-module-accordion-panel g-a-panel-59945c\"><div class=\"gm-ah-59945c gutentor-module-accordion-item-heading gutentor-module-icon-position-left\"><span class=\"gutentor-module-accordion-panel-handler\" role=\"button\"><span class=\"gutentor-module-accordion-icon\"><i class=\"gm-aio-59945c gutentor-module-accordion-icon-open fas fa-angle-double-down\"><\/i><i class=\"gm-aic-59945c gutentor-module-accordion-icon-close fas fa-angle-double-up\"><\/i><\/span><span class=\"gutentor-module-accordion-panel-handler-label\"><strong>Umsetzung Gnathologischer-Konzepte<\/strong><\/span><\/span><\/div><div class=\"gm-ab-59945c gutentor-module-accordion-body\">\n<div id=\"section-g9fddd5\" class=\"wp-block-gutentor-e0 section-g9fddd5 gutentor-element gutentor-element-advanced-text\"><div class=\"gutentor-text-wrap\"><p class=\"gutentor-text\">Mit biodynamischer Gestaltung der Kaufl\u00e4chen des individuellen Zahnersatzes kann das ideale Zusammenspiel zwischen Z\u00e4hnen und Kiefergelenk wiederhergestellt werden. Anhand der zahn\u00e4rztlichen Analyse setzen wir dieses Konzept um.<\/p><\/div><\/div>\n<\/div><\/div><\/div>\n\n\n\n<div id=\"fa995c\" class=\"wp-block-gutentor-m6-item section-fa995c gutentor-module gutentor-module-accordion-item\"><div class=\"gutentor-module-accordion-panel g-a-panel-59945c\"><div class=\"gm-ah-59945c gutentor-module-accordion-item-heading gutentor-module-icon-position-left\"><span class=\"gutentor-module-accordion-panel-handler\" role=\"button\"><span class=\"gutentor-module-accordion-icon\"><i class=\"gm-aio-59945c gutentor-module-accordion-icon-open fas fa-angle-double-down\"><\/i><i class=\"gm-aic-59945c gutentor-module-accordion-icon-close fas fa-angle-double-up\"><\/i><\/span><span class=\"gutentor-module-accordion-panel-handler-label\"><strong>Langzeitprovisorien<\/strong><\/span><\/span><\/div><div class=\"gm-ab-59945c gutentor-module-accordion-body\">\n<div id=\"section-gd3ad7d\" class=\"wp-block-gutentor-e0 section-gd3ad7d gutentor-element gutentor-element-advanced-text\"><div class=\"gutentor-text-wrap\"><p class=\"gutentor-text\">Per CAD\/CAM designte Langzeitprovisorien werden aus Hochleistungs-PMMA (Polymethylmethacrylat) mit nat\u00fcrlichem Farbverlauf gefr\u00e4st und k\u00f6nnen auch f\u00fcr mehrere Monate ein \u00e4sthetisches Provisorium f\u00fcr einen beschliffenen Zahn darstellen.<\/p><\/div><\/div>\n<\/div><\/div><\/div>\n<\/div><\/section>\n<\/div><\/div>\n<\/div><\/div><\/section>\n","protected":false},"excerpt":{"rendered":"","protected":false},"author":2,"featured_media":0,"parent":0,"menu_order":0,"comment_status":"closed","ping_status":"closed","template":"template-gutentor-full-width.php","meta":{"footnotes":""},"class_list":["post-68","page","type-page","status-publish","hentry"],"_links":{"self":[{"href":"https:\/\/dental-labor-kroeger.de\/content\/wp-json\/wp\/v2\/pages\/68","targetHints":{"allow":["GET"]}}],"collection":[{"href":"https:\/\/dental-labor-kroeger.de\/content\/wp-json\/wp\/v2\/pages"}],"about":[{"href":"https:\/\/dental-labor-kroeger.de\/content\/wp-json\/wp\/v2\/types\/page"}],"author":[{"embeddable":true,"href":"https:\/\/dental-labor-kroeger.de\/content\/wp-json\/wp\/v2\/users\/2"}],"replies":[{"embeddable":true,"href":"https:\/\/dental-labor-kroeger.de\/content\/wp-json\/wp\/v2\/comments?post=68"}],"version-history":[{"count":150,"href":"https:\/\/dental-labor-kroeger.de\/content\/wp-json\/wp\/v2\/pages\/68\/revisions"}],"predecessor-version":[{"id":1676,"href":"https:\/\/dental-labor-kroeger.de\/content\/wp-json\/wp\/v2\/pages\/68\/revisions\/1676"}],"wp:attachment":[{"href":"https:\/\/dental-labor-kroeger.de\/content\/wp-json\/wp\/v2\/media?parent=68"}],"curies":[{"name":"wp","href":"https:\/\/api.w.org\/{rel}","templated":true}]}}