{"id":80,"date":"2019-05-07T08:27:33","date_gmt":"2019-05-07T08:27:33","guid":{"rendered":"https:\/\/www.demo.cosmoswp.com\/demo-2\/?page_id=12"},"modified":"2024-04-12T13:37:49","modified_gmt":"2024-04-12T11:37:49","slug":"home","status":"publish","type":"page","link":"https:\/\/dental-labor-kroeger.de\/content\/","title":{"rendered":"WILLKOMMEN"},"content":{"rendered":"\n<section id=\"section-f463c1e6-3855-4ac9-82c8-5978e9b505ae\" class=\"wp-block-gutentor-image-slider gutentor-section gutentor-image-slider imageSlider-template1 text-left\"><div class=\"gutentor-grid-item-wrap\"><div class=\"gutentor-slider-wrapper\" data-dots=\"false\" data-arrows=\"false\" data-infinite=\"false\" data-nextarrow=\"fas fa-angle-right\" data-prevarrow=\"fas fa-angle-left\" data-autoplay=\"false\" data-autoplayspeed=\"4000\" data-fade=\"false\" data-speed=\"2000\"><div class=\"gutentor-slider-item\"><div class=\"gutentor-single-item gutentor-single-item-0\"><div class=\"gutentor-single-item-wrap\"><div class=\"gutentor-single-item-image-box\"><div class=\"gutentor-bg-image\"><div class=\"overlay\"><\/div><\/div><\/div><div class=\"gutentor-single-item-content\"><div class=\"grid-container\"><div class=\"slider-caption text-left\"><h2 class=\"gutentor-single-item-title\"><\/h2><p class=\"gutentor-single-item-desc\"><\/p><\/div><\/div><\/div><\/div><\/div><\/div><\/div><\/div><\/section>\n\n\n\n<section id=\"gm47e9d21\" class=\"wp-block-gutentor-m4 section-gm47e9d21 gutentor-module gutentor-advanced-columns has-image-bg has-custom-bg\"><div class=\"grid-container\"><div class=\"grid-row\">\n<div id=\"col-gm640730\" class=\"wp-block-gutentor-m4-col col-gm640730 gutentor-single-column  grid-lg-12 grid-md-12 grid-12\"><div id=\"section-gm640730\" class=\"section-gm640730 gutentor-col-wrap\">\n<div id=\"section-g5f8fa1\" class=\"wp-block-gutentor-e1 section-g5f8fa1 gutentor-element gutentor-element-advanced-text wow slideInLeft text-align-center-desktop\" data-wow-animation=\"slideInLeft\"><div class=\"gutentor-text-wrap\"><h2 class=\"gutentor-text\">Kunst &amp; Handwerk<\/h2><\/div><\/div>\n\n\n\n<div id=\"section-g9a7c3c\" class=\"wp-block-gutentor-e1 section-g9a7c3c gutentor-element gutentor-element-advanced-text wow slideInRight text-align-center-desktop\" data-wow-animation=\"slideInRight\"><div class=\"gutentor-text-wrap\"><p class=\"gutentor-text\">1756 ver\u00f6ffentlichte Philipp Pfaff (k\u00f6niglich-preu\u00dfischer Hofzahnarzt von Friedrich dem Gro\u00dfen) das erste bedeutende deutsche Lehrbuch der Zahnheilkunde. Pfaff erw\u00e4hnte auch erstmals, dass die Anfertigung des Zahnersatzes durch einen K\u00fcnstler zu erfolgen hat &#8211; damit wurde zum ersten Mal der Zahntechniker angesprochen\u2026<\/p><\/div><\/div>\n\n\n\n<div id=\"section-g641522\" class=\"wp-block-gutentor-e1 section-g641522 gutentor-element gutentor-element-advanced-text text-align-center-desktop\"><div class=\"gutentor-text-wrap\"><p class=\"gutentor-text\">Als innovatives und modernes Meisterlabor fertigen wir hochwertigen individuellen Zahnersatz und verbinden heute die traditionelle Handwerkskunst mit modernster Technologie. Wir verstehen uns als technischen Partner der Zahn\u00e4rzte und f\u00fchlen uns jedem Patienten zur hochqualitativen Ausf\u00fchrung verpflichtet.<\/p><\/div><\/div>\n<\/div><\/div>\n<\/div><\/div><\/section>\n\n\n\n<section id=\"section-deccf407-88c8-454b-bdd8-37a2ca6709dd\" class=\"wp-block-gutentor-image-box gutentor-section gutentor-image-wrapper imagebox-template1\"><div class=\"grid-container\"><div class=\"grid-row gutentor-grid-item-wrap\"><div class=\"gutentor-grid-column grid-lg-4 grid-md-4 grid-12\"><div class=\"gutentor-single-item gutentor-image gutentor-single-item-0\"><div class=\"gutentor-single-item-wrap\"><div class=\"gutentor-single-item-image-box\"><div class=\"gutentor-image-thumb\"><img decoding=\"async\" class=\"normal-image\" src=\"https:\/\/dental-labor-kroeger.de\/content\/wp-content\/uploads\/2022\/06\/willkommen1.jpg\" alt=\"\"\/><\/div><\/div><div class=\"gutentor-single-item-content\"><h3 class=\"gutentor-single-item-title\">Leistungen<\/h3><p class=\"gutentor-single-item-desc\">Wir bieten Ihnen eine Vielfalt modernster und individueller prothetischer Versorgungsm\u00f6glichkeiten.<\/p><a class=\"gutentor-button gutentor-single-item-button gutentor-icon-before\" href=\"https:\/\/dental-labor-kroeger.de\/content\/leistungen\/\"><i class=\"gutentor-button-icon fas fa-angle-double-right\"><\/i><span><strong>Unsere Leistungen<\/strong><\/span><\/a><\/div><\/div><\/div><\/div><div class=\"gutentor-grid-column grid-lg-4 grid-md-4 grid-12\"><div class=\"gutentor-single-item gutentor-image gutentor-single-item-1\"><div class=\"gutentor-single-item-wrap\"><div class=\"gutentor-single-item-image-box\"><div class=\"gutentor-image-thumb\"><img decoding=\"async\" class=\"normal-image\" src=\"https:\/\/dental-labor-kroeger.de\/content\/wp-content\/uploads\/2022\/08\/anspruch.jpg\" alt=\"\"\/><\/div><\/div><div class=\"gutentor-single-item-content\"><h3 class=\"gutentor-single-item-title\">Anspruch<\/h3><p class=\"gutentor-single-item-desc\">Unser zentraler Anspruch ist es, dass wir den perfekten individuellen Zahnersatz fertigen &#8211; funktional und \u00e4sthetisch.<\/p><a class=\"gutentor-button gutentor-single-item-button gutentor-icon-before\" href=\"https:\/\/dental-labor-kroeger.de\/content\/labor\/\"><i class=\"gutentor-button-icon fas fa-angle-double-right\"><\/i><span><strong>Labor &amp; Team<\/strong><\/span><\/a><\/div><\/div><\/div><\/div><div class=\"gutentor-grid-column grid-lg-4 grid-md-4 grid-12\"><div class=\"gutentor-single-item gutentor-image gutentor-single-item-2\"><div class=\"gutentor-single-item-wrap\"><div class=\"gutentor-single-item-image-box\"><div class=\"gutentor-image-thumb\"><img decoding=\"async\" class=\"normal-image\" src=\"https:\/\/dental-labor-kroeger.de\/content\/wp-content\/uploads\/2022\/06\/willkommen3.jpg\" alt=\"\"\/><\/div><\/div><div class=\"gutentor-single-item-content\"><h3 class=\"gutentor-single-item-title\">Qualit\u00e4t<\/h3><p class=\"gutentor-single-item-desc\">Unser Hauptaugenmerk liegt bei jeder Anfertigung auf der Qualit\u00e4t &amp; Sicherheit des  zahntechnischen Produkts<\/p><a class=\"gutentor-button gutentor-single-item-button gutentor-icon-before\" href=\"https:\/\/dental-labor-kroeger.de\/content\/qualitaetsmanagement\/\"><i class=\"gutentor-button-icon fas fa-angle-double-right\"><\/i><span><strong>Qualit\u00e4tsmanagement<\/strong><\/span><\/a><\/div><\/div><\/div><\/div><\/div><\/div><\/section>\n","protected":false},"excerpt":{"rendered":"","protected":false},"author":2,"featured_media":0,"parent":0,"menu_order":0,"comment_status":"closed","ping_status":"closed","template":"template-gutentor-full-width.php","meta":{"footnotes":""},"class_list":["post-80","page","type-page","status-publish","hentry"],"_links":{"self":[{"href":"https:\/\/dental-labor-kroeger.de\/content\/wp-json\/wp\/v2\/pages\/80","targetHints":{"allow":["GET"]}}],"collection":[{"href":"https:\/\/dental-labor-kroeger.de\/content\/wp-json\/wp\/v2\/pages"}],"about":[{"href":"https:\/\/dental-labor-kroeger.de\/content\/wp-json\/wp\/v2\/types\/page"}],"author":[{"embeddable":true,"href":"https:\/\/dental-labor-kroeger.de\/content\/wp-json\/wp\/v2\/users\/2"}],"replies":[{"embeddable":true,"href":"https:\/\/dental-labor-kroeger.de\/content\/wp-json\/wp\/v2\/comments?post=80"}],"version-history":[{"count":257,"href":"https:\/\/dental-labor-kroeger.de\/content\/wp-json\/wp\/v2\/pages\/80\/revisions"}],"predecessor-version":[{"id":1949,"href":"https:\/\/dental-labor-kroeger.de\/content\/wp-json\/wp\/v2\/pages\/80\/revisions\/1949"}],"wp:attachment":[{"href":"https:\/\/dental-labor-kroeger.de\/content\/wp-json\/wp\/v2\/media?parent=80"}],"curies":[{"name":"wp","href":"https:\/\/api.w.org\/{rel}","templated":true}]}}