{"id":855,"date":"2022-02-07T18:08:19","date_gmt":"2022-02-07T17:08:19","guid":{"rendered":"https:\/\/grafix-dezign.de\/inspir-aktion\/?page_id=855"},"modified":"2024-12-06T10:49:36","modified_gmt":"2024-12-06T09:49:36","slug":"impressum","status":"publish","type":"page","link":"https:\/\/dental-labor-kroeger.de\/content\/impressum\/","title":{"rendered":"Impressum"},"content":{"rendered":"\n<div id=\"section-g67956e\" class=\"wp-block-gutentor-e6 section-g67956e gutentor-element gutentor-element-image\"><div class=\"gutentor-element-image-box\"><div class=\"gutentor-bg-image\"><\/div><\/div><\/div>\n\n\n\n<section id=\"gmc91ab1d\" class=\"wp-block-gutentor-m4 section-gmc91ab1d gutentor-module gutentor-advanced-columns has-image-bg has-custom-bg\"><div class=\"grid-container\"><div class=\"grid-row\">\n<div id=\"col-gm6a63dc\" class=\"wp-block-gutentor-m4-col col-gm6a63dc gutentor-single-column  grid-lg-12 grid-md-12 grid-12\"><div id=\"section-gm6a63dc\" class=\"section-gm6a63dc gutentor-col-wrap\">\n<div id=\"section-g846877\" class=\"wp-block-gutentor-e1 section-g846877 gutentor-element gutentor-element-advanced-text\"><div class=\"gutentor-text-wrap\"><h2 class=\"gutentor-text\">Impressum<\/h2><\/div><\/div>\n\n\n\n<div id=\"section-ge251a9\" class=\"wp-block-gutentor-e1 section-ge251a9 gutentor-element gutentor-element-advanced-text\"><div class=\"gutentor-text-wrap\"><h3 class=\"gutentor-text\">Angaben gem. \u00a7 5 Telemediengesetz (TMG)<\/h3><\/div><\/div>\n\n\n\n<div id=\"section-g10cd25\" class=\"wp-block-gutentor-e1 section-g10cd25 gutentor-element gutentor-element-advanced-text\"><div class=\"gutentor-text-wrap\"><p class=\"gutentor-text\"><strong>Name \/ Inhaber<\/strong><br>Dental Labor Kr\u00f6ger<br>Claude Weides (Zahntechnikermeister)<\/p><\/div><\/div>\n\n\n\n<div id=\"section-g92f9fb\" class=\"wp-block-gutentor-e1 section-g92f9fb gutentor-element gutentor-element-advanced-text\"><div class=\"gutentor-text-wrap\"><p class=\"gutentor-text\"><strong>Anschrift<\/strong><br>Im Weidenbruch 124<br>51061 K\u00f6ln<\/p><\/div><\/div>\n\n\n\n<div id=\"section-gfe73fe\" class=\"wp-block-gutentor-e1 section-gfe73fe gutentor-element gutentor-element-advanced-text\"><div class=\"gutentor-text-wrap\"><p class=\"gutentor-text\"><strong>Kontakt<\/strong><br>Telefon +49 221 60 85 373<br>Fax +49 221 60 85 376<br>E-Mail info(a)dental-labor-kroeger.de<\/p><\/div><\/div>\n\n\n\n<div id=\"section-g666b9f\" class=\"wp-block-gutentor-e1 section-g666b9f gutentor-element gutentor-element-advanced-text\"><div class=\"gutentor-text-wrap\"><p class=\"gutentor-text\"><strong>Umsatzsteuer-Identifikationsnummer gem. \u00a7 27a UStG<\/strong><br>DE350444054<\/p><\/div><\/div>\n<\/div><\/div>\n<\/div><\/div><\/section>\n\n\n\n<section id=\"gmc4604e8\" class=\"wp-block-gutentor-m4 section-gmc4604e8 gutentor-module gutentor-advanced-columns\"><div class=\"grid-container\"><div class=\"grid-row\">\n<div id=\"col-gm3fc1bc\" class=\"wp-block-gutentor-m4-col col-gm3fc1bc gutentor-single-column  grid-lg-12 grid-md-12 grid-12\"><div id=\"section-gm3fc1bc\" class=\"section-gm3fc1bc gutentor-col-wrap\">\n<div id=\"section-g485238\" class=\"wp-block-gutentor-e1 section-g485238 gutentor-element gutentor-element-advanced-text\"><div class=\"gutentor-text-wrap\"><p class=\"gutentor-text\"><strong>Verantwortlich im Sinne der Presse gem. \u00a7 18 Abs. 2 MStV<\/strong><br>Claude Weides<br><em>-Anschrift und Kontakt wie oben-<\/em><\/p><\/div><\/div>\n\n\n\n<div id=\"section-g42eee8\" class=\"wp-block-gutentor-e1 section-g42eee8 gutentor-element gutentor-element-advanced-text\"><div class=\"gutentor-text-wrap\"><p class=\"gutentor-text\"><strong>Aufsichtsbeh\u00f6rde<\/strong><br>Handwerkskammer zu K\u00f6ln<br>Heumarkt 12, 50667 K\u00f6ln<br><a rel=\"noreferrer noopener\" href=\"https:\/\/www.hwk-koeln.de\/\" target=\"_blank\"><span style=\"color:#1a86ca\" class=\"has-inline-color\">https:\/\/www.hwk-koeln.de\/<\/span><\/a><\/p><\/div><\/div>\n\n\n\n<div id=\"section-g2d0e8b\" class=\"wp-block-gutentor-e1 section-g2d0e8b gutentor-element gutentor-element-advanced-text\"><div class=\"gutentor-text-wrap\"><p class=\"gutentor-text\"><strong>Berufsbezeichnung<\/strong><br>Zahntechnikermeister<\/p><\/div><\/div>\n\n\n\n<div id=\"section-g2552e4\" class=\"wp-block-gutentor-e1 section-g2552e4 gutentor-element gutentor-element-advanced-text\"><div class=\"gutentor-text-wrap\"><p class=\"gutentor-text\"><strong>Staat in dem die Berufsbezeichnung verliehen wurde<\/strong><br>Bundesrepublik Deutschland<\/p><\/div><\/div>\n\n\n\n<div id=\"section-g7091f0\" class=\"wp-block-gutentor-e1 section-g7091f0 gutentor-element gutentor-element-advanced-text\"><div class=\"gutentor-text-wrap\"><p class=\"gutentor-text\"><strong>Berufsrechtliche Regelungen (in der jeweils geltenden Fassung)<\/strong><br>Gesetz zur Ordnung des Handwerks<br>&#8222;Handwerksordnung&#8220;<br><a rel=\"noreferrer noopener\" href=\"https:\/\/www.gesetze-im-internet.de\/hwo\/HwO.pdf\" target=\"_blank\"><span style=\"color:#1a86ca\" class=\"has-inline-color\">https:\/\/www.gesetze-im-internet.de\/hwo\/HwO.pdf<\/span><\/a><\/p><\/div><\/div>\n\n\n\n<div id=\"section-gc5a15e\" class=\"wp-block-gutentor-e1 section-gc5a15e gutentor-element gutentor-element-advanced-text\"><div class=\"gutentor-text-wrap\"><p class=\"gutentor-text\">Verordnung \u00fcber das Meisterpr\u00fcfungsberufsbild und \u00fcber die<br>Pr\u00fcfungsanforderungen in den Teilen I und II der Meisterpr\u00fcfung im Zahntechniker-Handwerk<br>&#8222;Zahntechnikermeisterverordnung&#8220;<br><a rel=\"noreferrer noopener\" href=\"http:\/\/www.gesetze-im-internet.de\/zahntechmstrv\/ZahntechMstrV.pdf\" target=\"_blank\"><span style=\"color:#1a86ca\" class=\"has-inline-color\">http:\/\/www.gesetze-im-internet.de\/zahntechmstrv\/ZahntechMstrV.pdf<\/span><\/a><\/p><\/div><\/div>\n\n\n\n<div id=\"section-gd63ac1\" class=\"wp-block-gutentor-e1 section-gd63ac1 gutentor-element gutentor-element-advanced-text\"><div class=\"gutentor-text-wrap\"><p class=\"gutentor-text\"><strong>Verordnungen \/ Gesetze f\u00fcr Medizinprodukte in der EU und Deutschland (in der jeweils geltenden Fassung)<\/strong><br>Verordnung (EU) 2017\/745 \u00fcber Medizinprodukte<br>(MDR \u2013 Medical Devices Regulation)<br><a rel=\"noreferrer noopener\" href=\"https:\/\/eur-lex.europa.eu\/legal-content\/DE\/TXT\/PDF\/?uri=CELEX:32017R0745&amp;from=DE\" target=\"_blank\"><span style=\"color:#1a86ca\" class=\"has-inline-color\">https:\/\/eur-lex.europa.eu\/legal-content\/DE\/TXT\/PDF\/?uri=CELEX:32017R0745&amp;from=DE<\/span><\/a><\/p><\/div><\/div>\n\n\n\n<div id=\"section-g4ec066\" class=\"wp-block-gutentor-e1 section-g4ec066 gutentor-element gutentor-element-advanced-text\"><div class=\"gutentor-text-wrap\"><p class=\"gutentor-text\">Medizinprodukterecht-Durchf\u00fchrungsgesetz (MPDG)<br><a rel=\"noreferrer noopener\" href=\"https:\/\/www.gesetze-im-internet.de\/mpdg\/MPDG.pdf\" target=\"_blank\"><span style=\"color:#1a86ca\" class=\"has-inline-color\">https:\/\/www.gesetze-im-internet.de\/mpdg\/MPDG.pdf<\/span><\/a><\/p><\/div><\/div>\n\n\n\n<div id=\"section-gb58592\" class=\"wp-block-gutentor-e1 section-gb58592 gutentor-element gutentor-element-advanced-text\"><div class=\"gutentor-text-wrap\"><p class=\"gutentor-text\">Die MDR hat wie alle EU-Verordnungen Gesetzescharakter \u2013 das MPDG erg\u00e4nzt die europaweit g\u00fcltige MDR um nationale Vorgaben f\u00fcr Deutschland und ist f\u00fcr alle Medizinproduktehersteller verbindlich.<\/p><\/div><\/div>\n\n\n\n<div id=\"section-g7769c2\" class=\"wp-block-gutentor-e1 section-g7769c2 gutentor-element gutentor-element-advanced-text\"><div class=\"gutentor-text-wrap\"><p class=\"gutentor-text\"><strong>Verantwortliche Person (VPR) f\u00fcr die Einhaltung der Regulierungsvorschriften nach Art. 15 MDR<\/strong><br>Claude Weides<br><em>-Anschrift und Kontakt wie oben-<\/em><br><br><strong>Hinweis auf Online-Streitbeilegungsverfahren der EU<\/strong><br>Die EU-Kommission hat eine Internetplattform zur Online-Beilegung von Streitigkeiten (\u201eOS-Plattform\u201c) zwischen Unternehmern und Verbrauchern eingerichtet. Die OS-Plattform ist erreichbar unter <a href=\"https:\/\/ec.europa.eu\/consumers\/odr\/\" target=\"_blank\" rel=\"noreferrer noopener\"><span style=\"color:#1a86ca\" class=\"has-inline-color\">https:\/\/ec.europa.eu\/consumers\/odr\/<\/span><\/a><br><br><strong>Information nach \u00a736 VSBG (Verbraucherstreitbeilegungsgesetz)<\/strong><br>Wir sind weder bereit noch verpflichtet, an Streitbeilegungsverfahren vor einer Verbraucherschlichtungsstelle teilzunehmen.<\/p><\/div><\/div>\n\n\n\n<div id=\"section-g5e2597\" class=\"wp-block-gutentor-e1 section-g5e2597 gutentor-element gutentor-element-advanced-text\"><div class=\"gutentor-text-wrap\"><p class=\"gutentor-text\"><strong>Bildquellennachweis<\/strong><br>Iris Landsiedel<\/p><\/div><\/div>\n\n\n\n<div id=\"section-g6a398f\" class=\"wp-block-gutentor-e1 section-g6a398f gutentor-element gutentor-element-advanced-text\"><div class=\"gutentor-text-wrap\"><p class=\"gutentor-text\"><strong>Webdesign &amp; Programmierung<\/strong><br>GRAFIX-DEZIGN.de \u2013 Anja Dammeyer<\/p><\/div><\/div>\n<\/div><\/div>\n<\/div><\/div><\/section>\n","protected":false},"excerpt":{"rendered":"","protected":false},"author":2,"featured_media":0,"parent":0,"menu_order":0,"comment_status":"closed","ping_status":"closed","template":"template-gutentor-full-width.php","meta":{"footnotes":""},"class_list":["post-855","page","type-page","status-publish","hentry"],"_links":{"self":[{"href":"https:\/\/dental-labor-kroeger.de\/content\/wp-json\/wp\/v2\/pages\/855","targetHints":{"allow":["GET"]}}],"collection":[{"href":"https:\/\/dental-labor-kroeger.de\/content\/wp-json\/wp\/v2\/pages"}],"about":[{"href":"https:\/\/dental-labor-kroeger.de\/content\/wp-json\/wp\/v2\/types\/page"}],"author":[{"embeddable":true,"href":"https:\/\/dental-labor-kroeger.de\/content\/wp-json\/wp\/v2\/users\/2"}],"replies":[{"embeddable":true,"href":"https:\/\/dental-labor-kroeger.de\/content\/wp-json\/wp\/v2\/comments?post=855"}],"version-history":[{"count":12,"href":"https:\/\/dental-labor-kroeger.de\/content\/wp-json\/wp\/v2\/pages\/855\/revisions"}],"predecessor-version":[{"id":2035,"href":"https:\/\/dental-labor-kroeger.de\/content\/wp-json\/wp\/v2\/pages\/855\/revisions\/2035"}],"wp:attachment":[{"href":"https:\/\/dental-labor-kroeger.de\/content\/wp-json\/wp\/v2\/media?parent=855"}],"curies":[{"name":"wp","href":"https:\/\/api.w.org\/{rel}","templated":true}]}}